{"id":67,"date":"2023-05-15T11:54:59","date_gmt":"2023-05-15T11:54:59","guid":{"rendered":"https:\/\/erminas.com\/?page_id=67"},"modified":"2025-11-04T08:18:19","modified_gmt":"2025-11-04T07:18:19","slug":"einblicke","status":"publish","type":"page","link":"https:\/\/erminas.com\/de\/einblicke\/","title":{"rendered":"Einblicke"},"content":{"rendered":"\t\t<div data-elementor-type=\"wp-page\" data-elementor-id=\"67\" class=\"elementor elementor-67\" data-elementor-post-type=\"page\">\n\t\t\t\t\t\t<section class=\"elementor-section elementor-top-section elementor-element elementor-element-739e809 elementor-section-height-min-height elementor-section-boxed elementor-section-height-default elementor-section-items-middle\" data-id=\"739e809\" data-element_type=\"section\" data-e-type=\"section\">\n\t\t\t\t\t\t<div class=\"elementor-container elementor-column-gap-default\">\n\t\t\t\t\t<div class=\"elementor-column elementor-col-50 elementor-top-column elementor-element elementor-element-406305b\" data-id=\"406305b\" data-element_type=\"column\" data-e-type=\"column\">\n\t\t\t<div class=\"elementor-widget-wrap elementor-element-populated\">\n\t\t\t\t\t\t<div class=\"elementor-element elementor-element-f565ac1 elementor-invisible elementor-widget elementor-widget-heading\" data-id=\"f565ac1\" data-element_type=\"widget\" data-e-type=\"widget\" data-settings=\"{&quot;_animation&quot;:&quot;fadeInUp&quot;}\" data-widget_type=\"heading.default\">\n\t\t\t\t<div class=\"elementor-widget-container\">\n\t\t\t\t\t<h2 class=\"elementor-heading-title elementor-size-default\">Deine Resourcen f\u00fcr Wachstum und Erfolg<\/h2>\t\t\t\t<\/div>\n\t\t\t\t<\/div>\n\t\t\t\t<div class=\"elementor-element elementor-element-64712c4 elementor-invisible elementor-widget elementor-widget-text-editor\" data-id=\"64712c4\" data-element_type=\"widget\" data-e-type=\"widget\" data-settings=\"{&quot;_animation&quot;:&quot;fadeInUp&quot;}\" data-widget_type=\"text-editor.default\">\n\t\t\t\t<div class=\"elementor-widget-container\">\n\t\t\t\t\t\t\t\t\t<p>Tauche ein in unseren Wissenspool und erfahre, wie unsere zufriedenen Kunden von unseren innovativen L\u00f6sung profitieren und lass Dich von den Karrierem\u00f6glichkeiten in unserem Unternehmen begeistern.<\/p>\t\t\t\t\t\t\t\t<\/div>\n\t\t\t\t<\/div>\n\t\t\t\t<div class=\"elementor-element elementor-element-16616d5 elementor-mobile-align-center elementor-invisible elementor-widget elementor-widget-button\" data-id=\"16616d5\" data-element_type=\"widget\" data-e-type=\"widget\" data-settings=\"{&quot;_animation&quot;:&quot;fadeInUp&quot;}\" data-widget_type=\"button.default\">\n\t\t\t\t<div class=\"elementor-widget-container\">\n\t\t\t\t\t\t\t\t\t<div class=\"elementor-button-wrapper\">\n\t\t\t\t\t<a class=\"elementor-button elementor-button-link elementor-size-sm\" href=\"https:\/\/erminas.com\/de\/projektanfrage#contactform\">\n\t\t\t\t\t\t<span class=\"elementor-button-content-wrapper\">\n\t\t\t\t\t\t\t\t\t<span class=\"elementor-button-text\">Kontakt<\/span>\n\t\t\t\t\t<\/span>\n\t\t\t\t\t<\/a>\n\t\t\t\t<\/div>\n\t\t\t\t\t\t\t\t<\/div>\n\t\t\t\t<\/div>\n\t\t\t\t\t<\/div>\n\t\t<\/div>\n\t\t\t\t<div class=\"elementor-column elementor-col-50 elementor-top-column elementor-element elementor-element-99640e9 elementor-hidden-mobile\" data-id=\"99640e9\" data-element_type=\"column\" data-e-type=\"column\">\n\t\t\t<div class=\"elementor-widget-wrap elementor-element-populated\">\n\t\t\t\t\t\t<div class=\"elementor-element elementor-element-0d782e9 elementor-invisible elementor-widget elementor-widget-image\" data-id=\"0d782e9\" data-element_type=\"widget\" data-e-type=\"widget\" data-settings=\"{&quot;_animation&quot;:&quot;fadeInUp&quot;}\" data-widget_type=\"image.default\">\n\t\t\t\t<div class=\"elementor-widget-container\">\n\t\t\t\t\t\t\t\t\t\t\t\t\t\t\t<img fetchpriority=\"high\" decoding=\"async\" width=\"340\" height=\"450\" src=\"https:\/\/erminas.com\/wp-content\/uploads\/2023\/09\/resourcen-hero_Zeichenflaeche-1.webp\" class=\"attachment-large size-large wp-image-5092\" alt=\"Gewichte an einem Fitnessger\u00e4t\" srcset=\"https:\/\/erminas.com\/wp-content\/uploads\/2023\/09\/resourcen-hero_Zeichenflaeche-1.webp 340w, https:\/\/erminas.com\/wp-content\/uploads\/2023\/09\/resourcen-hero_Zeichenflaeche-1-227x300.webp 227w\" sizes=\"(max-width: 340px) 100vw, 340px\" \/>\t\t\t\t\t\t\t\t\t\t\t\t\t\t\t<\/div>\n\t\t\t\t<\/div>\n\t\t\t\t\t<\/div>\n\t\t<\/div>\n\t\t\t\t\t<\/div>\n\t\t<\/section>\n\t\t\t\t<section class=\"elementor-section elementor-top-section elementor-element elementor-element-b4d8a02 elementor-section-boxed elementor-section-height-default elementor-section-height-default\" data-id=\"b4d8a02\" data-element_type=\"section\" data-e-type=\"section\" data-settings=\"{&quot;background_background&quot;:&quot;classic&quot;}\">\n\t\t\t\t\t\t<div class=\"elementor-container elementor-column-gap-no\">\n\t\t\t\t\t<div class=\"elementor-column elementor-col-50 elementor-top-column elementor-element elementor-element-b11cfe5\" data-id=\"b11cfe5\" data-element_type=\"column\" data-e-type=\"column\">\n\t\t\t<div class=\"elementor-widget-wrap elementor-element-populated\">\n\t\t\t\t\t\t<div class=\"elementor-element elementor-element-6d4784e elementor-widget elementor-widget-heading\" data-id=\"6d4784e\" data-element_type=\"widget\" data-e-type=\"widget\" data-widget_type=\"heading.default\">\n\t\t\t\t<div class=\"elementor-widget-container\">\n\t\t\t\t\t<h2 class=\"elementor-heading-title elementor-size-default\">Digitale Welten - der erminas Blog<\/h2>\t\t\t\t<\/div>\n\t\t\t\t<\/div>\n\t\t\t\t<div class=\"elementor-element elementor-element-8925e78 elementor-widget elementor-widget-text-editor\" data-id=\"8925e78\" data-element_type=\"widget\" data-e-type=\"widget\" data-widget_type=\"text-editor.default\">\n\t\t\t\t<div class=\"elementor-widget-container\">\n\t\t\t\t\t\t\t\t\t<p>Unser Blog ist Teil unserer Resourcen f\u00fcr mehr Wachstum und Erfolg und eine Schatzkammer an Fachwissen und wertvollen Einblicken f\u00fcr Unternehmen, die ihr Potenzial voll aussch\u00f6pfen m\u00f6chten.<\/p><p>Hier finden Sie regelm\u00e4\u00dfig aktualisierte Artikel zu den neuesten Entwicklungen in der Branche, praktische Tipps zur Optimierung Ihrer Gesch\u00e4ftsprozesse und inspirierende Erfolgsgeschichten von Unternehmen, die mit unserer L\u00f6sung bahnbrechende Ergebnisse erzielt haben.<\/p><p>Tauchen Sie ein in unsere umfangreiche Sammlung an informativen Beitr\u00e4gen und lassen Sie sich von unserem Fachwissen inspirieren, um Ihre Ziele zu erreichen und Ihr Unternehmen auf die n\u00e4chste Stufe zu bringen.<\/p>\t\t\t\t\t\t\t\t<\/div>\n\t\t\t\t<\/div>\n\t\t\t\t<div class=\"elementor-element elementor-element-77a58a0 elementor-mobile-align-center elementor-widget elementor-widget-button\" data-id=\"77a58a0\" data-element_type=\"widget\" data-e-type=\"widget\" data-widget_type=\"button.default\">\n\t\t\t\t<div class=\"elementor-widget-container\">\n\t\t\t\t\t\t\t\t\t<div class=\"elementor-button-wrapper\">\n\t\t\t\t\t<a class=\"elementor-button elementor-button-link elementor-size-sm\" href=\"https:\/\/erminas.com\/de\/resourcen\/blog\/\">\n\t\t\t\t\t\t<span class=\"elementor-button-content-wrapper\">\n\t\t\t\t\t\t\t\t\t<span class=\"elementor-button-text\">Digitale Welten entdecken!<\/span>\n\t\t\t\t\t<\/span>\n\t\t\t\t\t<\/a>\n\t\t\t\t<\/div>\n\t\t\t\t\t\t\t\t<\/div>\n\t\t\t\t<\/div>\n\t\t\t\t\t<\/div>\n\t\t<\/div>\n\t\t\t\t<div class=\"elementor-column elementor-col-50 elementor-top-column elementor-element elementor-element-f4f779a elementor-hidden-mobile\" data-id=\"f4f779a\" data-element_type=\"column\" data-e-type=\"column\">\n\t\t\t<div class=\"elementor-widget-wrap elementor-element-populated\">\n\t\t\t\t\t\t<div class=\"elementor-element elementor-element-b434974 elementor-widget elementor-widget-image\" data-id=\"b434974\" data-element_type=\"widget\" data-e-type=\"widget\" data-widget_type=\"image.default\">\n\t\t\t\t<div class=\"elementor-widget-container\">\n\t\t\t\t\t\t\t\t\t\t\t\t\t\t\t<img decoding=\"async\" width=\"340\" height=\"450\" src=\"https:\/\/erminas.com\/wp-content\/uploads\/2023\/09\/resourcen-digitale-welten-1.webp\" class=\"attachment-full size-full wp-image-5087\" alt=\"Verkabelter Revolution Pi von Kunbus auf einem Holztisch\" srcset=\"https:\/\/erminas.com\/wp-content\/uploads\/2023\/09\/resourcen-digitale-welten-1.webp 340w, https:\/\/erminas.com\/wp-content\/uploads\/2023\/09\/resourcen-digitale-welten-1-227x300.webp 227w\" sizes=\"(max-width: 340px) 100vw, 340px\" \/>\t\t\t\t\t\t\t\t\t\t\t\t\t\t\t<\/div>\n\t\t\t\t<\/div>\n\t\t\t\t\t<\/div>\n\t\t<\/div>\n\t\t\t\t\t<\/div>\n\t\t<\/section>\n\t\t\t\t<section class=\"elementor-section elementor-top-section elementor-element elementor-element-e357a2c elementor-section-boxed elementor-section-height-default elementor-section-height-default\" data-id=\"e357a2c\" data-element_type=\"section\" data-e-type=\"section\" data-settings=\"{&quot;background_background&quot;:&quot;classic&quot;}\">\n\t\t\t\t\t\t<div class=\"elementor-container elementor-column-gap-default\">\n\t\t\t\t\t<div class=\"elementor-column elementor-col-100 elementor-top-column elementor-element elementor-element-9848630\" data-id=\"9848630\" data-element_type=\"column\" data-e-type=\"column\">\n\t\t\t<div class=\"elementor-widget-wrap elementor-element-populated\">\n\t\t\t\t\t\t<div class=\"elementor-element elementor-element-558eeab elementor-grid-2 elementor-grid-tablet-2 elementor-grid-mobile-1 elementor-posts--thumbnail-top elementor-widget elementor-widget-posts\" data-id=\"558eeab\" data-element_type=\"widget\" data-e-type=\"widget\" data-settings=\"{&quot;classic_columns&quot;:&quot;2&quot;,&quot;classic_masonry&quot;:&quot;yes&quot;,&quot;classic_columns_tablet&quot;:&quot;2&quot;,&quot;classic_columns_mobile&quot;:&quot;1&quot;,&quot;classic_row_gap&quot;:{&quot;unit&quot;:&quot;px&quot;,&quot;size&quot;:35,&quot;sizes&quot;:[]},&quot;classic_row_gap_tablet&quot;:{&quot;unit&quot;:&quot;px&quot;,&quot;size&quot;:&quot;&quot;,&quot;sizes&quot;:[]},&quot;classic_row_gap_mobile&quot;:{&quot;unit&quot;:&quot;px&quot;,&quot;size&quot;:&quot;&quot;,&quot;sizes&quot;:[]}}\" data-widget_type=\"posts.classic\">\n\t\t\t\t<div class=\"elementor-widget-container\">\n\t\t\t\t\t\t\t<div class=\"elementor-posts-container elementor-posts elementor-posts--skin-classic elementor-grid\" role=\"list\">\n\t\t\t\t<article class=\"elementor-post elementor-grid-item post-10615 post type-post status-publish format-standard hentry category-erminas category-messe category-veranstaltungen\" role=\"listitem\">\n\t\t\t\t<div class=\"elementor-post__text\">\n\t\t\t\t<h3 class=\"elementor-post__title\">\n\t\t\t<a href=\"https:\/\/erminas.com\/de\/blog\/erminas-und-oixio-vereinbaren-strukturelle-zusammenarbeit-zur-staerkung-der-praesenz-in-deutschland-und-ausbau-der-iot-faehigkeiten\/\" >\n\t\t\t\terminas und OIXIO vereinbaren strukturelle Zusammenarbeit zur St\u00e4rkung der Pr\u00e4senz in Deutschland und Ausbau der IoT-F\u00e4higkeiten\t\t\t<\/a>\n\t\t<\/h3>\n\t\t\t\t<div class=\"elementor-post__meta-data\">\n\t\t\t\t\t<span class=\"elementor-post-date\">\n\t\t\t21. April 2026\t\t<\/span>\n\t\t\t\t<\/div>\n\t\t\t\t<div class=\"elementor-post__excerpt\">\n\t\t\t<p>Tallinn, Estland \/ Oldenburg, Deutschland \u2013 22. April 2026 Die OIXIO Group, ein f\u00fchrender baltischer IT-Partner f\u00fcr digitale Strategien, Managed IT-Services, Gesch\u00e4ftssysteme und Informationssicherheit, und die erminas GmbH, ein in<\/p>\n\t\t<\/div>\n\t\t\n\t\t<a class=\"elementor-post__read-more\" href=\"https:\/\/erminas.com\/de\/blog\/erminas-und-oixio-vereinbaren-strukturelle-zusammenarbeit-zur-staerkung-der-praesenz-in-deutschland-und-ausbau-der-iot-faehigkeiten\/\" aria-label=\"Mehr \u00fcber erminas und OIXIO vereinbaren strukturelle Zusammenarbeit zur St\u00e4rkung der Pr\u00e4senz in Deutschland und Ausbau der IoT-F\u00e4higkeiten\" tabindex=\"-1\" >\n\t\t\tWeiterlesen \u00bb\t\t<\/a>\n\n\t\t\t\t<\/div>\n\t\t\t\t<\/article>\n\t\t\t\t<article class=\"elementor-post elementor-grid-item post-10073 post type-post status-publish format-standard has-post-thumbnail hentry category-ausbildung category-erminas\" role=\"listitem\">\n\t\t\t\t<a class=\"elementor-post__thumbnail__link\" href=\"https:\/\/erminas.com\/de\/blog\/ein-tag-im-leben-eines-azubis-bei-erminas\/\" tabindex=\"-1\" >\n\t\t\t<div class=\"elementor-post__thumbnail\"><img decoding=\"async\" width=\"300\" height=\"257\" src=\"https:\/\/erminas.com\/wp-content\/uploads\/2025\/12\/IMG_2695-scaled-e1765455416453-300x257.jpg\" class=\"attachment-medium size-medium wp-image-10107\" alt=\"container B\u00fcro eingang mit erminas Aufsteller\" srcset=\"https:\/\/erminas.com\/wp-content\/uploads\/2025\/12\/IMG_2695-scaled-e1765455416453-300x257.jpg 300w, https:\/\/erminas.com\/wp-content\/uploads\/2025\/12\/IMG_2695-scaled-e1765455416453-1024x878.jpg 1024w, https:\/\/erminas.com\/wp-content\/uploads\/2025\/12\/IMG_2695-scaled-e1765455416453-768x659.jpg 768w, https:\/\/erminas.com\/wp-content\/uploads\/2025\/12\/IMG_2695-scaled-e1765455416453-1536x1318.jpg 1536w, https:\/\/erminas.com\/wp-content\/uploads\/2025\/12\/IMG_2695-scaled-e1765455416453.jpg 1920w\" sizes=\"(max-width: 300px) 100vw, 300px\" \/><\/div>\n\t\t<\/a>\n\t\t\t\t<div class=\"elementor-post__text\">\n\t\t\t\t<h3 class=\"elementor-post__title\">\n\t\t\t<a href=\"https:\/\/erminas.com\/de\/blog\/ein-tag-im-leben-eines-azubis-bei-erminas\/\" >\n\t\t\t\tEin Tag im Leben eines Azubis bei erminas\t\t\t<\/a>\n\t\t<\/h3>\n\t\t\t\t<div class=\"elementor-post__meta-data\">\n\t\t\t\t\t<span class=\"elementor-post-date\">\n\t\t\t13. M\u00e4rz 2026\t\t<\/span>\n\t\t\t\t<\/div>\n\t\t\t\t<div class=\"elementor-post__excerpt\">\n\t\t\t<p>Der echte Alltag bei erminas In vielen Unternehmen gibt es diese Azubi-Portr\u00e4ts, in denen alles perfekt l\u00e4uft. Der Azubi kommt um Punkt acht ins B\u00fcro, arbeitet an spannenden Projekten, lernt<\/p>\n\t\t<\/div>\n\t\t\n\t\t<a class=\"elementor-post__read-more\" href=\"https:\/\/erminas.com\/de\/blog\/ein-tag-im-leben-eines-azubis-bei-erminas\/\" aria-label=\"Mehr \u00fcber Ein Tag im Leben eines Azubis bei erminas\" tabindex=\"-1\" >\n\t\t\tWeiterlesen \u00bb\t\t<\/a>\n\n\t\t\t\t<\/div>\n\t\t\t\t<\/article>\n\t\t\t\t<\/div>\n\t\t\n\t\t\t\t\t\t<\/div>\n\t\t\t\t<\/div>\n\t\t\t\t\t<\/div>\n\t\t<\/div>\n\t\t\t\t\t<\/div>\n\t\t<\/section>\n\t\t\t\t<section class=\"elementor-section elementor-top-section elementor-element elementor-element-b87c735 elementor-section-height-min-height elementor-section-boxed elementor-section-height-default elementor-section-items-middle\" data-id=\"b87c735\" data-element_type=\"section\" data-e-type=\"section\">\n\t\t\t\t\t\t<div class=\"elementor-container elementor-column-gap-no\">\n\t\t\t\t\t<div class=\"elementor-column elementor-col-100 elementor-top-column elementor-element elementor-element-cef7b04\" data-id=\"cef7b04\" data-element_type=\"column\" data-e-type=\"column\">\n\t\t\t<div class=\"elementor-widget-wrap elementor-element-populated\">\n\t\t\t\t\t\t<div class=\"elementor-element elementor-element-7cc5049 elementor-widget elementor-widget-heading\" data-id=\"7cc5049\" data-element_type=\"widget\" data-e-type=\"widget\" data-widget_type=\"heading.default\">\n\t\t\t\t<div class=\"elementor-widget-container\">\n\t\t\t\t\t<h2 class=\"elementor-heading-title elementor-size-default\">Wir stehen f\u00fcr Qualit\u00e4t - das zeigen auch unsere zufriedenen Kunden<\/h2>\t\t\t\t<\/div>\n\t\t\t\t<\/div>\n\t\t\t\t<div class=\"elementor-element elementor-element-032fe23 elementor-widget elementor-widget-text-editor\" data-id=\"032fe23\" data-element_type=\"widget\" data-e-type=\"widget\" data-widget_type=\"text-editor.default\">\n\t\t\t\t<div class=\"elementor-widget-container\">\n\t\t\t\t\t\t\t\t\t<p>\u00a0Entdecken Sie die beeindruckende Vielfalt unserer Referenzen und lassen Sie sich von den Erfolgsgeschichten inspirieren, die unsere L\u00f6sungen erm\u00f6glicht haben.<\/p>\t\t\t\t\t\t\t\t<\/div>\n\t\t\t\t<\/div>\n\t\t\t\t<section class=\"elementor-section elementor-inner-section elementor-element elementor-element-ec64489 elementor-section-boxed elementor-section-height-default elementor-section-height-default\" data-id=\"ec64489\" data-element_type=\"section\" data-e-type=\"section\">\n\t\t\t\t\t\t<div class=\"elementor-container elementor-column-gap-default\">\n\t\t\t\t\t<div class=\"elementor-column elementor-col-33 elementor-inner-column elementor-element elementor-element-82f80f8\" data-id=\"82f80f8\" data-element_type=\"column\" data-e-type=\"column\">\n\t\t\t<div class=\"elementor-widget-wrap elementor-element-populated\">\n\t\t\t\t\t\t<div class=\"elementor-element elementor-element-cb051ce elementor-widget elementor-widget-heading\" data-id=\"cb051ce\" data-element_type=\"widget\" data-e-type=\"widget\" data-widget_type=\"heading.default\">\n\t\t\t\t<div class=\"elementor-widget-container\">\n\t\t\t\t\t<h2 class=\"elementor-heading-title elementor-size-default\"><a href=\"https:\/\/www.cewe.de\/\">Amagno GmbH<\/a><\/h2>\t\t\t\t<\/div>\n\t\t\t\t<\/div>\n\t\t\t\t<div class=\"elementor-element elementor-element-68a99b7b elementor-widget elementor-widget-image\" data-id=\"68a99b7b\" data-element_type=\"widget\" data-e-type=\"widget\" data-widget_type=\"image.default\">\n\t\t\t\t<div class=\"elementor-widget-container\">\n\t\t\t\t\t\t\t\t\t\t\t\t\t\t\t\t<a href=\"https:\/\/erminas.com\/de\/referenzen\/amagno-gmbh\/\">\n\t\t\t\t\t\t\t<img loading=\"lazy\" decoding=\"async\" width=\"300\" height=\"350\" src=\"https:\/\/erminas.com\/wp-content\/uploads\/2023\/09\/REsourcen-Referenz-element-1.webp\" class=\"elementor-animation-grow attachment-full size-full wp-image-5097\" alt=\"Person vor Computer bearbeitet Dokument\" srcset=\"https:\/\/erminas.com\/wp-content\/uploads\/2023\/09\/REsourcen-Referenz-element-1.webp 300w, https:\/\/erminas.com\/wp-content\/uploads\/2023\/09\/REsourcen-Referenz-element-1-257x300.webp 257w\" sizes=\"(max-width: 300px) 100vw, 300px\" \/>\t\t\t\t\t\t\t\t<\/a>\n\t\t\t\t\t\t\t\t\t\t\t\t\t\t\t<\/div>\n\t\t\t\t<\/div>\n\t\t\t\t\t<\/div>\n\t\t<\/div>\n\t\t\t\t<div class=\"elementor-column elementor-col-33 elementor-inner-column elementor-element elementor-element-1a96a95\" data-id=\"1a96a95\" data-element_type=\"column\" data-e-type=\"column\">\n\t\t\t<div class=\"elementor-widget-wrap elementor-element-populated\">\n\t\t\t\t\t\t<div class=\"elementor-element elementor-element-c910ad1 elementor-widget elementor-widget-heading\" data-id=\"c910ad1\" data-element_type=\"widget\" data-e-type=\"widget\" data-widget_type=\"heading.default\">\n\t\t\t\t<div class=\"elementor-widget-container\">\n\t\t\t\t\t<h2 class=\"elementor-heading-title elementor-size-default\"><a href=\"https:\/\/www.gesund-es.de\/\">E+S Gesunde L\u00f6sungen GmbH<\/a><\/h2>\t\t\t\t<\/div>\n\t\t\t\t<\/div>\n\t\t\t\t<div class=\"elementor-element elementor-element-26f1ec0c elementor-widget elementor-widget-image\" data-id=\"26f1ec0c\" data-element_type=\"widget\" data-e-type=\"widget\" data-widget_type=\"image.default\">\n\t\t\t\t<div class=\"elementor-widget-container\">\n\t\t\t\t\t\t\t\t\t\t\t\t\t\t\t\t<a href=\"https:\/\/erminas.com\/de\/referenzen\/es-gesunde-loesungen-gmbh\/\">\n\t\t\t\t\t\t\t<img loading=\"lazy\" decoding=\"async\" width=\"300\" height=\"350\" src=\"https:\/\/erminas.com\/wp-content\/uploads\/2023\/09\/REsourcen-Referenz-element-2.webp\" class=\"elementor-animation-grow attachment-full size-full wp-image-5099\" alt=\"Yolii Bildschirm mit Zufriedenheitsskala auf Smileys\" srcset=\"https:\/\/erminas.com\/wp-content\/uploads\/2023\/09\/REsourcen-Referenz-element-2.webp 300w, https:\/\/erminas.com\/wp-content\/uploads\/2023\/09\/REsourcen-Referenz-element-2-257x300.webp 257w\" sizes=\"(max-width: 300px) 100vw, 300px\" \/>\t\t\t\t\t\t\t\t<\/a>\n\t\t\t\t\t\t\t\t\t\t\t\t\t\t\t<\/div>\n\t\t\t\t<\/div>\n\t\t\t\t\t<\/div>\n\t\t<\/div>\n\t\t\t\t<div class=\"elementor-column elementor-col-33 elementor-inner-column elementor-element elementor-element-2322e6c\" data-id=\"2322e6c\" data-element_type=\"column\" data-e-type=\"column\">\n\t\t\t<div class=\"elementor-widget-wrap elementor-element-populated\">\n\t\t\t\t\t\t<div class=\"elementor-element elementor-element-fd8187b elementor-widget elementor-widget-heading\" data-id=\"fd8187b\" data-element_type=\"widget\" data-e-type=\"widget\" data-widget_type=\"heading.default\">\n\t\t\t\t<div class=\"elementor-widget-container\">\n\t\t\t\t\t<h2 class=\"elementor-heading-title elementor-size-default\"><a href=\"https:\/\/www.hccr.de\/de\">HCCR GmbH<\/a><\/h2>\t\t\t\t<\/div>\n\t\t\t\t<\/div>\n\t\t\t\t<div class=\"elementor-element elementor-element-10aacdf elementor-widget elementor-widget-image\" data-id=\"10aacdf\" data-element_type=\"widget\" data-e-type=\"widget\" data-widget_type=\"image.default\">\n\t\t\t\t<div class=\"elementor-widget-container\">\n\t\t\t\t\t\t\t\t\t\t\t\t\t\t\t\t<a href=\"https:\/\/erminas.com\/de\/resourcen\/referenzen\/hccr-gmbh\/\">\n\t\t\t\t\t\t\t<img loading=\"lazy\" decoding=\"async\" width=\"300\" height=\"350\" src=\"https:\/\/erminas.com\/wp-content\/uploads\/2023\/09\/REsourcen-Referenz-element-3.webp\" class=\"elementor-animation-grow attachment-full size-full wp-image-5101\" alt=\"Kranwagen transportiert Container\" srcset=\"https:\/\/erminas.com\/wp-content\/uploads\/2023\/09\/REsourcen-Referenz-element-3.webp 300w, https:\/\/erminas.com\/wp-content\/uploads\/2023\/09\/REsourcen-Referenz-element-3-257x300.webp 257w\" sizes=\"(max-width: 300px) 100vw, 300px\" \/>\t\t\t\t\t\t\t\t<\/a>\n\t\t\t\t\t\t\t\t\t\t\t\t\t\t\t<\/div>\n\t\t\t\t<\/div>\n\t\t\t\t\t<\/div>\n\t\t<\/div>\n\t\t\t\t\t<\/div>\n\t\t<\/section>\n\t\t\t\t<div class=\"elementor-element elementor-element-5c2eec7 elementor-align-center elementor-widget elementor-widget-button\" data-id=\"5c2eec7\" data-element_type=\"widget\" data-e-type=\"widget\" data-widget_type=\"button.default\">\n\t\t\t\t<div class=\"elementor-widget-container\">\n\t\t\t\t\t\t\t\t\t<div class=\"elementor-button-wrapper\">\n\t\t\t\t\t<a class=\"elementor-button elementor-button-link elementor-size-sm\" href=\"https:\/\/erminas.com\/de\/einblicke\/referenzen\/\">\n\t\t\t\t\t\t<span class=\"elementor-button-content-wrapper\">\n\t\t\t\t\t\t\t\t\t<span class=\"elementor-button-text\">Referenzen<\/span>\n\t\t\t\t\t<\/span>\n\t\t\t\t\t<\/a>\n\t\t\t\t<\/div>\n\t\t\t\t\t\t\t\t<\/div>\n\t\t\t\t<\/div>\n\t\t\t\t\t<\/div>\n\t\t<\/div>\n\t\t\t\t\t<\/div>\n\t\t<\/section>\n\t\t\t\t<section class=\"elementor-section elementor-top-section elementor-element elementor-element-3d22128 elementor-section-height-min-height elementor-section-boxed elementor-section-height-default elementor-section-items-middle\" data-id=\"3d22128\" data-element_type=\"section\" data-e-type=\"section\" data-settings=\"{&quot;background_background&quot;:&quot;classic&quot;}\">\n\t\t\t\t\t\t<div class=\"elementor-container elementor-column-gap-default\">\n\t\t\t\t\t<div class=\"elementor-column elementor-col-100 elementor-top-column elementor-element elementor-element-95393ec\" data-id=\"95393ec\" data-element_type=\"column\" data-e-type=\"column\">\n\t\t\t<div class=\"elementor-widget-wrap elementor-element-populated\">\n\t\t\t\t\t\t<div class=\"elementor-element elementor-element-768e288 elementor-widget elementor-widget-heading\" data-id=\"768e288\" data-element_type=\"widget\" data-e-type=\"widget\" data-widget_type=\"heading.default\">\n\t\t\t\t<div class=\"elementor-widget-container\">\n\t\t\t\t\t<h3 class=\"elementor-heading-title elementor-size-default\">Hey Du! Auf der Suche nach einer neuen Herausforderung?<\/h3>\t\t\t\t<\/div>\n\t\t\t\t<\/div>\n\t\t\t\t<section class=\"elementor-section elementor-inner-section elementor-element elementor-element-f83f293 elementor-section-boxed elementor-section-height-default elementor-section-height-default\" data-id=\"f83f293\" data-element_type=\"section\" data-e-type=\"section\">\n\t\t\t\t\t\t<div class=\"elementor-container elementor-column-gap-default\">\n\t\t\t\t\t<div class=\"elementor-column elementor-col-100 elementor-inner-column elementor-element elementor-element-9e0cc7a\" data-id=\"9e0cc7a\" data-element_type=\"column\" data-e-type=\"column\">\n\t\t\t<div class=\"elementor-widget-wrap elementor-element-populated\">\n\t\t\t\t\t\t<div class=\"elementor-element elementor-element-9b5a7ff elementor-align-center elementor-widget elementor-widget-button\" data-id=\"9b5a7ff\" data-element_type=\"widget\" data-e-type=\"widget\" data-widget_type=\"button.default\">\n\t\t\t\t<div class=\"elementor-widget-container\">\n\t\t\t\t\t\t\t\t\t<div class=\"elementor-button-wrapper\">\n\t\t\t\t\t<a class=\"elementor-button elementor-button-link elementor-size-sm\" href=\"https:\/\/erminas.com\/de\/resourcen\/karriere\/\">\n\t\t\t\t\t\t<span class=\"elementor-button-content-wrapper\">\n\t\t\t\t\t\t\t\t\t<span class=\"elementor-button-text\">Karrierem\u00f6glichkeiten bei erminas<\/span>\n\t\t\t\t\t<\/span>\n\t\t\t\t\t<\/a>\n\t\t\t\t<\/div>\n\t\t\t\t\t\t\t\t<\/div>\n\t\t\t\t<\/div>\n\t\t\t\t\t<\/div>\n\t\t<\/div>\n\t\t\t\t\t<\/div>\n\t\t<\/section>\n\t\t\t\t\t<\/div>\n\t\t<\/div>\n\t\t\t\t\t<\/div>\n\t\t<\/section>\n\t\t\t\t<\/div>\n\t\t","protected":false},"excerpt":{"rendered":"<p>Deine Resourcen f\u00fcr Wachstum und Erfolg Tauche ein in unseren Wissenspool und erfahre, wie unsere zufriedenen Kunden von unseren innovativen L\u00f6sung profitieren und lass Dich von den Karrierem\u00f6glichkeiten in unserem Unternehmen begeistern. Kontakt Digitale Welten &#8211; der erminas Blog Unser Blog ist Teil unserer Resourcen f\u00fcr mehr Wachstum und Erfolg und eine Schatzkammer an Fachwissen [&hellip;]<\/p>\n","protected":false},"author":2,"featured_media":0,"parent":0,"menu_order":0,"comment_status":"closed","ping_status":"closed","template":"","meta":{"_seopress_robots_primary_cat":"","_seopress_titles_title":"Resourcen f\u00fcr mehr Wachstum und Erfolg | erminas.de","_seopress_titles_desc":"Entdecke Resourcen f\u00fcr mehr Wachstum und Erfolg mit unseren Digitale Welten, Referenzen und Karrierem\u00f6glichkeiten!","_seopress_robots_index":"","iawp_total_views":140,"footnotes":""},"class_list":["post-67","page","type-page","status-publish","hentry"],"_links":{"self":[{"href":"https:\/\/erminas.com\/de\/wp-json\/wp\/v2\/pages\/67","targetHints":{"allow":["GET"]}}],"collection":[{"href":"https:\/\/erminas.com\/de\/wp-json\/wp\/v2\/pages"}],"about":[{"href":"https:\/\/erminas.com\/de\/wp-json\/wp\/v2\/types\/page"}],"author":[{"embeddable":true,"href":"https:\/\/erminas.com\/de\/wp-json\/wp\/v2\/users\/2"}],"replies":[{"embeddable":true,"href":"https:\/\/erminas.com\/de\/wp-json\/wp\/v2\/comments?post=67"}],"version-history":[{"count":309,"href":"https:\/\/erminas.com\/de\/wp-json\/wp\/v2\/pages\/67\/revisions"}],"predecessor-version":[{"id":9675,"href":"https:\/\/erminas.com\/de\/wp-json\/wp\/v2\/pages\/67\/revisions\/9675"}],"wp:attachment":[{"href":"https:\/\/erminas.com\/de\/wp-json\/wp\/v2\/media?parent=67"}],"curies":[{"name":"wp","href":"https:\/\/api.w.org\/{rel}","templated":true}]}}